{"id":22170,"date":"2015-03-29T15:54:20","date_gmt":"2015-03-29T15:54:20","guid":{"rendered":"http:\/\/isabelleribot.com\/gallery-2\/"},"modified":"2017-12-22T19:36:08","modified_gmt":"2017-12-22T19:36:08","slug":"galerie-art","status":"publish","type":"page","link":"https:\/\/isabelleribot.com\/fr\/galerie-art\/","title":{"rendered":"Galerie Art"},"content":{"rendered":"<div class=\"wpb-content-wrapper\"><p>[vc_row row_type=\u00a0\u00bbrow\u00a0\u00bb use_row_as_full_screen_section=\u00a0\u00bbno\u00a0\u00bb type=\u00a0\u00bbfull_width\u00a0\u00bb text_align=\u00a0\u00bbleft\u00a0\u00bb background_animation=\u00a0\u00bbnone\u00a0\u00bb padding_top=\u00a0\u00bb40&Prime; padding_bottom=\u00a0\u00bb40&Prime; css_animation=\u00a0\u00bb\u00a0\u00bb][vc_column][vc_row_inner row_type=\u00a0\u00bbrow\u00a0\u00bb type=\u00a0\u00bbfull_width\u00a0\u00bb use_row_as_full_screen_section_slide=\u00a0\u00bbno\u00a0\u00bb text_align=\u00a0\u00bbleft\u00a0\u00bb css_animation=\u00a0\u00bb\u00a0\u00bb][vc_column_inner width=\u00a0\u00bb1\/2&Prime;][vc_single_image image=\u00a0\u00bb23074&Prime; img_size=\u00a0\u00bb220&#215;220&Prime; alignment=\u00a0\u00bbcenter\u00a0\u00bb style=\u00a0\u00bbvc_box_circle_2&Prime; onclick=\u00a0\u00bbcustom_link\u00a0\u00bb qode_css_animation=\u00a0\u00bbelement_from_fade\u00a0\u00bb link=\u00a0\u00bb#\u00a0\u00bb][\/vc_column_inner][vc_column_inner width=\u00a0\u00bb1\/2&Prime;][vc_separator type=\u00a0\u00bbtransparent\u00a0\u00bb border_style=\u00a0\u00bb\u00a0\u00bb up=\u00a0\u00bb20&Prime;][vc_column_text]<\/p>\n<div style=\"background: #f2f2f2; padding: 20px;\">\n<h4>toiles \u00e0 d\u00e9couper<\/h4>\n<p>Isabelle Ribot aime raconter des histoires \u00e0 travers ses peintures et c\u2019est peut-\u00eatre \u00e0 travers la cr\u00e9ation de \u00abbobines\u00bb de papier ou de toile qui ont couramment plus de 10 m\u00e8tres de longueur que son expression est la plus puissante. Ce sont alors des histoires tr\u00e8s personnelles qui se r\u00e9v\u00e8lent \u00e0 travers des couleurs, des symboles, des personnages et des jeux.<\/p>\n<p style=\"text-align: right; padding-top: 20px;\"><a href=\"https:\/\/isabelleribot.com.viabio.com.br\/fr\/portfolio\/toiles-a-decouper\/\" target=\"_self\"  class=\"qbutton  small center\" style=\"font-style: normal; \">voir galerie<\/a><\/p>\n<\/div>\n<p>[\/vc_column_text][\/vc_column_inner][\/vc_row_inner][\/vc_column][\/vc_row][vc_row row_type=\u00a0\u00bbrow\u00a0\u00bb use_row_as_full_screen_section=\u00a0\u00bbno\u00a0\u00bb type=\u00a0\u00bbfull_width\u00a0\u00bb text_align=\u00a0\u00bbleft\u00a0\u00bb background_animation=\u00a0\u00bbnone\u00a0\u00bb padding_top=\u00a0\u00bb40&Prime; padding_bottom=\u00a0\u00bb40&Prime; css_animation=\u00a0\u00bb\u00a0\u00bb][vc_column][vc_row_inner row_type=\u00a0\u00bbrow\u00a0\u00bb type=\u00a0\u00bbfull_width\u00a0\u00bb use_row_as_full_screen_section_slide=\u00a0\u00bbno\u00a0\u00bb text_align=\u00a0\u00bbleft\u00a0\u00bb css_animation=\u00a0\u00bb\u00a0\u00bb][vc_column_inner width=\u00a0\u00bb1\/2&Prime;][vc_single_image image=\u00a0\u00bb23364&Prime; img_size=\u00a0\u00bb300&#215;300&Prime; alignment=\u00a0\u00bbcenter\u00a0\u00bb style=\u00a0\u00bbvc_box_circle_2&Prime; onclick=\u00a0\u00bbcustom_link\u00a0\u00bb qode_css_animation=\u00a0\u00bbelement_from_fade\u00a0\u00bb link=\u00a0\u00bb#\u00a0\u00bb][\/vc_column_inner][vc_column_inner width=\u00a0\u00bb1\/2&Prime;][vc_separator type=\u00a0\u00bbtransparent\u00a0\u00bb border_style=\u00a0\u00bb\u00a0\u00bb up=\u00a0\u00bb20&Prime;][vc_column_text]<\/p>\n<div style=\"background: #f2f2f2; padding: 20px;\">\n<h4>personnages, lieux &amp; cartes<\/h4>\n<p>L\u2019enigmatique Idoru\u00a0 est la principale figure d\u2019une s\u00e9rie de 33 toiles. Elle est ensuite devenue la \u00ab\u00a0Reine\u00a0\u00bb de jeux de cartes.<\/p>\n<p>Puis il y a eu les paysages urbains,\u00a0 les cartes, les chemins balis\u00e9s, les itin\u00e9raires, les territoires, les parcours\u2026 Ces repr\u00e9sentations topographiques \u00e9voquent des limites, des possibilit\u00e9s, des situations g\u00e9ographiques imaginaires, des directions sugg\u00e9r\u00e9es.<\/p>\n<p style=\"text-align: right; padding-top: 20px;\"><a href=\"https:\/\/isabelleribot.com.viabio.com.br\/fr\/portfolio\/personnages-cartes-lieux\/\" target=\"_self\"  class=\"qbutton  small center\" style=\"font-style: normal; \">voir galerie<\/a><\/p>\n<\/div>\n<p>[\/vc_column_text][\/vc_column_inner][\/vc_row_inner][\/vc_column][\/vc_row][vc_row row_type=\u00a0\u00bbrow\u00a0\u00bb use_row_as_full_screen_section=\u00a0\u00bbno\u00a0\u00bb type=\u00a0\u00bbfull_width\u00a0\u00bb text_align=\u00a0\u00bbleft\u00a0\u00bb background_animation=\u00a0\u00bbnone\u00a0\u00bb padding_top=\u00a0\u00bb40&Prime; padding_bottom=\u00a0\u00bb40&Prime; css_animation=\u00a0\u00bb\u00a0\u00bb][vc_column][vc_row_inner row_type=\u00a0\u00bbrow\u00a0\u00bb type=\u00a0\u00bbfull_width\u00a0\u00bb use_row_as_full_screen_section_slide=\u00a0\u00bbno\u00a0\u00bb text_align=\u00a0\u00bbleft\u00a0\u00bb css_animation=\u00a0\u00bb\u00a0\u00bb][vc_column_inner width=\u00a0\u00bb1\/2&Prime;][vc_single_image image=\u00a0\u00bb21858&Prime; img_size=\u00a0\u00bb300&#215;300&Prime; alignment=\u00a0\u00bbcenter\u00a0\u00bb style=\u00a0\u00bbvc_box_circle_2&Prime; onclick=\u00a0\u00bbcustom_link\u00a0\u00bb qode_css_animation=\u00a0\u00bbelement_from_fade\u00a0\u00bb link=\u00a0\u00bb#\u00a0\u00bb][\/vc_column_inner][vc_column_inner width=\u00a0\u00bb1\/2&Prime;][vc_separator type=\u00a0\u00bbtransparent\u00a0\u00bb border_style=\u00a0\u00bb\u00a0\u00bb up=\u00a0\u00bb20&Prime;][vc_column_text]<\/p>\n<div style=\"background: #f2f2f2; padding: 20px;\">\n<h4>\u00a0jeux<\/h4>\n<p>Les personnages d\u00e9cupl\u00e9s se retrouvent au centre de jeux dont Isabelle Ribot invente les r\u00e8gles comme celui qui fait penser \u00e0 la pi\u00e8ce de Marivaux : \u00ab Le Jeu de l\u2019Amour et du Hasard \u00bb.<\/p>\n<p style=\"text-align: right; padding-top: 20px;\"><a href=\"https:\/\/isabelleribot.com.viabio.com.br\/fr\/portfolio\/galerie-les-jeux\/\" target=\"_self\"  class=\"qbutton  small center\" style=\"font-style: normal; \">voir galerie<\/a><\/p>\n<\/div>\n<p>[\/vc_column_text][\/vc_column_inner][\/vc_row_inner][\/vc_column][\/vc_row]<\/p>\n<\/div>","protected":false},"excerpt":{"rendered":"<p>[vc_row row_type=\u00a0\u00bbrow\u00a0\u00bb use_row_as_full_screen_section=\u00a0\u00bbno\u00a0\u00bb type=\u00a0\u00bbfull_width\u00a0\u00bb text_align=\u00a0\u00bbleft\u00a0\u00bb background_animation=\u00a0\u00bbnone\u00a0\u00bb padding_top=\u00a0\u00bb40&Prime; padding_bottom=\u00a0\u00bb40&Prime; css_animation=\u00a0\u00bb\u00a0\u00bb][vc_column][vc_row_inner row_type=\u00a0\u00bbrow\u00a0\u00bb&#8230;<\/p>\n","protected":false},"author":1,"featured_media":0,"parent":0,"menu_order":0,"comment_status":"closed","ping_status":"closed","template":"","meta":{"footnotes":""},"class_list":["post-22170","page","type-page","status-publish","hentry"],"yoast_head":"<!-- This site is optimized with the Yoast SEO plugin v27.2 - https:\/\/yoast.com\/product\/yoast-seo-wordpress\/ -->\n<title>Galerie Art | Isabelle Ribot<\/title>\n<meta name=\"description\" content=\"Galerie Art \u2013\u00a0les cr\u00e9ations d\u2019Isabelle Ribot : de longues histoires dessin\u00e9es et peintes sur des bobines de toile. Objets, personnages, jeux, cartes.\" \/>\n<meta name=\"robots\" content=\"index, follow, max-snippet:-1, max-image-preview:large, max-video-preview:-1\" \/>\n<link rel=\"canonical\" href=\"https:\/\/isabelleribot.com\/fr\/galerie-art\/\" \/>\n<meta property=\"og:locale\" content=\"fr_FR\" \/>\n<meta property=\"og:type\" content=\"article\" \/>\n<meta property=\"og:title\" content=\"Galerie Art | Isabelle Ribot\" \/>\n<meta property=\"og:description\" content=\"Galerie Art \u2013\u00a0les cr\u00e9ations d\u2019Isabelle Ribot : de longues histoires dessin\u00e9es et peintes sur des bobines de toile. Objets, personnages, jeux, cartes.\" \/>\n<meta property=\"og:url\" content=\"https:\/\/isabelleribot.com\/fr\/galerie-art\/\" \/>\n<meta property=\"og:site_name\" content=\"Isabelle Ribot\" \/>\n<meta property=\"article:publisher\" content=\"https:\/\/www.facebook.com\/isabelle.ribot1\" \/>\n<meta property=\"article:modified_time\" content=\"2017-12-22T19:36:08+00:00\" \/>\n<meta name=\"twitter:label1\" content=\"Dur\u00e9e de lecture estim\u00e9e\" \/>\n\t<meta name=\"twitter:data1\" content=\"3 minutes\" \/>\n<script type=\"application\/ld+json\" class=\"yoast-schema-graph\">{\"@context\":\"https:\/\/schema.org\",\"@graph\":[{\"@type\":\"WebPage\",\"@id\":\"https:\/\/isabelleribot.com\/fr\/galerie-art\/\",\"url\":\"https:\/\/isabelleribot.com\/fr\/galerie-art\/\",\"name\":\"Galerie Art | Isabelle Ribot\",\"isPartOf\":{\"@id\":\"https:\/\/isabelleribot.com\/#website\"},\"datePublished\":\"2015-03-29T15:54:20+00:00\",\"dateModified\":\"2017-12-22T19:36:08+00:00\",\"description\":\"Galerie Art \u2013\u00a0les cr\u00e9ations d\u2019Isabelle Ribot : de longues histoires dessin\u00e9es et peintes sur des bobines de toile. Objets, personnages, jeux, cartes.\",\"breadcrumb\":{\"@id\":\"https:\/\/isabelleribot.com\/fr\/galerie-art\/#breadcrumb\"},\"inLanguage\":\"fr-FR\",\"potentialAction\":[{\"@type\":\"ReadAction\",\"target\":[\"https:\/\/isabelleribot.com\/fr\/galerie-art\/\"]}]},{\"@type\":\"BreadcrumbList\",\"@id\":\"https:\/\/isabelleribot.com\/fr\/galerie-art\/#breadcrumb\",\"itemListElement\":[{\"@type\":\"ListItem\",\"position\":1,\"name\":\"Home\",\"item\":\"https:\/\/isabelleribot.com\/fr\/\"},{\"@type\":\"ListItem\",\"position\":2,\"name\":\"Galerie Art\"}]},{\"@type\":\"WebSite\",\"@id\":\"https:\/\/isabelleribot.com\/#website\",\"url\":\"https:\/\/isabelleribot.com\/\",\"name\":\"Isabelle Ribot\",\"description\":\"Artista Pintor\",\"publisher\":{\"@id\":\"https:\/\/isabelleribot.com\/#organization\"},\"potentialAction\":[{\"@type\":\"SearchAction\",\"target\":{\"@type\":\"EntryPoint\",\"urlTemplate\":\"https:\/\/isabelleribot.com\/?s={search_term_string}\"},\"query-input\":{\"@type\":\"PropertyValueSpecification\",\"valueRequired\":true,\"valueName\":\"search_term_string\"}}],\"inLanguage\":\"fr-FR\"},{\"@type\":\"Organization\",\"@id\":\"https:\/\/isabelleribot.com\/#organization\",\"name\":\"Isabelle Ribot\",\"url\":\"https:\/\/isabelleribot.com\/\",\"logo\":{\"@type\":\"ImageObject\",\"inLanguage\":\"fr-FR\",\"@id\":\"https:\/\/isabelleribot.com\/#\/schema\/logo\/image\/\",\"url\":\"https:\/\/isabelleribot.com\/wp-content\/uploads\/2015\/03\/logo-Isabelle-Ribot-Sao-Paulo.png\",\"contentUrl\":\"https:\/\/isabelleribot.com\/wp-content\/uploads\/2015\/03\/logo-Isabelle-Ribot-Sao-Paulo.png\",\"width\":146,\"height\":107,\"caption\":\"Isabelle Ribot\"},\"image\":{\"@id\":\"https:\/\/isabelleribot.com\/#\/schema\/logo\/image\/\"},\"sameAs\":[\"https:\/\/www.facebook.com\/isabelle.ribot1\",\"https:\/\/www.instagram.com\/isabelle_ribot\/?hl=pt-br\"]}]}<\/script>\n<!-- \/ Yoast SEO plugin. -->","yoast_head_json":{"title":"Galerie Art | Isabelle Ribot","description":"Galerie Art \u2013\u00a0les cr\u00e9ations d\u2019Isabelle Ribot : de longues histoires dessin\u00e9es et peintes sur des bobines de toile. Objets, personnages, jeux, cartes.","robots":{"index":"index","follow":"follow","max-snippet":"max-snippet:-1","max-image-preview":"max-image-preview:large","max-video-preview":"max-video-preview:-1"},"canonical":"https:\/\/isabelleribot.com\/fr\/galerie-art\/","og_locale":"fr_FR","og_type":"article","og_title":"Galerie Art | Isabelle Ribot","og_description":"Galerie Art \u2013\u00a0les cr\u00e9ations d\u2019Isabelle Ribot : de longues histoires dessin\u00e9es et peintes sur des bobines de toile. Objets, personnages, jeux, cartes.","og_url":"https:\/\/isabelleribot.com\/fr\/galerie-art\/","og_site_name":"Isabelle Ribot","article_publisher":"https:\/\/www.facebook.com\/isabelle.ribot1","article_modified_time":"2017-12-22T19:36:08+00:00","twitter_misc":{"Dur\u00e9e de lecture estim\u00e9e":"3 minutes"},"schema":{"@context":"https:\/\/schema.org","@graph":[{"@type":"WebPage","@id":"https:\/\/isabelleribot.com\/fr\/galerie-art\/","url":"https:\/\/isabelleribot.com\/fr\/galerie-art\/","name":"Galerie Art | Isabelle Ribot","isPartOf":{"@id":"https:\/\/isabelleribot.com\/#website"},"datePublished":"2015-03-29T15:54:20+00:00","dateModified":"2017-12-22T19:36:08+00:00","description":"Galerie Art \u2013\u00a0les cr\u00e9ations d\u2019Isabelle Ribot : de longues histoires dessin\u00e9es et peintes sur des bobines de toile. Objets, personnages, jeux, cartes.","breadcrumb":{"@id":"https:\/\/isabelleribot.com\/fr\/galerie-art\/#breadcrumb"},"inLanguage":"fr-FR","potentialAction":[{"@type":"ReadAction","target":["https:\/\/isabelleribot.com\/fr\/galerie-art\/"]}]},{"@type":"BreadcrumbList","@id":"https:\/\/isabelleribot.com\/fr\/galerie-art\/#breadcrumb","itemListElement":[{"@type":"ListItem","position":1,"name":"Home","item":"https:\/\/isabelleribot.com\/fr\/"},{"@type":"ListItem","position":2,"name":"Galerie Art"}]},{"@type":"WebSite","@id":"https:\/\/isabelleribot.com\/#website","url":"https:\/\/isabelleribot.com\/","name":"Isabelle Ribot","description":"Artista Pintor","publisher":{"@id":"https:\/\/isabelleribot.com\/#organization"},"potentialAction":[{"@type":"SearchAction","target":{"@type":"EntryPoint","urlTemplate":"https:\/\/isabelleribot.com\/?s={search_term_string}"},"query-input":{"@type":"PropertyValueSpecification","valueRequired":true,"valueName":"search_term_string"}}],"inLanguage":"fr-FR"},{"@type":"Organization","@id":"https:\/\/isabelleribot.com\/#organization","name":"Isabelle Ribot","url":"https:\/\/isabelleribot.com\/","logo":{"@type":"ImageObject","inLanguage":"fr-FR","@id":"https:\/\/isabelleribot.com\/#\/schema\/logo\/image\/","url":"https:\/\/isabelleribot.com\/wp-content\/uploads\/2015\/03\/logo-Isabelle-Ribot-Sao-Paulo.png","contentUrl":"https:\/\/isabelleribot.com\/wp-content\/uploads\/2015\/03\/logo-Isabelle-Ribot-Sao-Paulo.png","width":146,"height":107,"caption":"Isabelle Ribot"},"image":{"@id":"https:\/\/isabelleribot.com\/#\/schema\/logo\/image\/"},"sameAs":["https:\/\/www.facebook.com\/isabelle.ribot1","https:\/\/www.instagram.com\/isabelle_ribot\/?hl=pt-br"]}]}},"_links":{"self":[{"href":"https:\/\/isabelleribot.com\/fr\/wp-json\/wp\/v2\/pages\/22170","targetHints":{"allow":["GET"]}}],"collection":[{"href":"https:\/\/isabelleribot.com\/fr\/wp-json\/wp\/v2\/pages"}],"about":[{"href":"https:\/\/isabelleribot.com\/fr\/wp-json\/wp\/v2\/types\/page"}],"author":[{"embeddable":true,"href":"https:\/\/isabelleribot.com\/fr\/wp-json\/wp\/v2\/users\/1"}],"replies":[{"embeddable":true,"href":"https:\/\/isabelleribot.com\/fr\/wp-json\/wp\/v2\/comments?post=22170"}],"version-history":[{"count":16,"href":"https:\/\/isabelleribot.com\/fr\/wp-json\/wp\/v2\/pages\/22170\/revisions"}],"predecessor-version":[{"id":23384,"href":"https:\/\/isabelleribot.com\/fr\/wp-json\/wp\/v2\/pages\/22170\/revisions\/23384"}],"wp:attachment":[{"href":"https:\/\/isabelleribot.com\/fr\/wp-json\/wp\/v2\/media?parent=22170"}],"curies":[{"name":"wp","href":"https:\/\/api.w.org\/{rel}","templated":true}]}}