{"id":22158,"date":"2015-04-17T13:00:50","date_gmt":"2015-04-17T13:00:50","guid":{"rendered":"http:\/\/isabelleribot.com\/?page_id=22158"},"modified":"2017-12-22T20:36:13","modified_gmt":"2017-12-22T20:36:13","slug":"art-design","status":"publish","type":"page","link":"https:\/\/isabelleribot.com\/fr\/art-design\/","title":{"rendered":"art &#038; design"},"content":{"rendered":"<div class=\"wpb-content-wrapper\"><p>[vc_row row_type=\u00a0\u00bbrow\u00a0\u00bb use_row_as_full_screen_section=\u00a0\u00bbno\u00a0\u00bb type=\u00a0\u00bbgrid\u00a0\u00bb text_align=\u00a0\u00bbleft\u00a0\u00bb background_color=\u00a0\u00bb#f2f2f2&Prime; background_animation=\u00a0\u00bbnone\u00a0\u00bb padding_top=\u00a0\u00bb40&Prime; padding_bottom=\u00a0\u00bb60&Prime; css_animation=\u00a0\u00bb\u00a0\u00bb][vc_column][vc_column_text css=\u00a0\u00bb.vc_custom_1513974940925{padding-top: 20px !important;padding-bottom: 40px !important;}\u00a0\u00bb]<\/p>\n<h5><span style=\"display: inline-block; border-bottom: 1px solid #444; padding: 10px;\">\u00e9dition d&rsquo;un tissu pour la nouvelle collection de\u00a0 L&rsquo;Atribu &#8211; SAO PAULO<\/span><\/h5>\n<p>[\/vc_column_text][vc_separator type=\u00a0\u00bbtransparent\u00a0\u00bb border_style=\u00a0\u00bb\u00a0\u00bb up=\u00a0\u00bb20&Prime;][vc_row_inner row_type=\u00a0\u00bbrow\u00a0\u00bb type=\u00a0\u00bbfull_width\u00a0\u00bb use_row_as_full_screen_section_slide=\u00a0\u00bbno\u00a0\u00bb text_align=\u00a0\u00bbleft\u00a0\u00bb css_animation=\u00a0\u00bb\u00a0\u00bb][vc_column_inner width=\u00a0\u00bb1\/2&Prime;][vc_single_image image=\u00a0\u00bb22957&Prime; img_size=\u00a0\u00bbfull\u00a0\u00bb alignment=\u00a0\u00bbcenter\u00a0\u00bb qode_css_animation=\u00a0\u00bb\u00a0\u00bb][\/vc_column_inner][vc_column_inner width=\u00a0\u00bb1\/2&Prime;][vc_single_image image=\u00a0\u00bb23350&Prime; img_size=\u00a0\u00bbfull\u00a0\u00bb alignment=\u00a0\u00bbcenter\u00a0\u00bb qode_css_animation=\u00a0\u00bb\u00a0\u00bb][\/vc_column_inner][\/vc_row_inner][\/vc_column][\/vc_row][vc_row row_type=\u00a0\u00bbrow\u00a0\u00bb use_row_as_full_screen_section=\u00a0\u00bbno\u00a0\u00bb type=\u00a0\u00bbgrid\u00a0\u00bb text_align=\u00a0\u00bbleft\u00a0\u00bb background_color=\u00a0\u00bb#ffffff\u00a0\u00bb background_animation=\u00a0\u00bbnone\u00a0\u00bb padding_top=\u00a0\u00bb40&Prime; padding_bottom=\u00a0\u00bb60&Prime; css_animation=\u00a0\u00bb\u00a0\u00bb][vc_column][vc_column_text css=\u00a0\u00bb.vc_custom_1513974946759{padding-top: 20px !important;padding-bottom: 40px !important;}\u00a0\u00bb]<\/p>\n<h5><span style=\"border-bottom: 1px solid #444; padding: 10px;\">Ray Ban <\/span><\/h5>\n<p>[\/vc_column_text][vc_separator type=\u00a0\u00bbtransparent\u00a0\u00bb border_style=\u00a0\u00bb\u00a0\u00bb up=\u00a0\u00bb20&Prime;][vc_row_inner row_type=\u00a0\u00bbrow\u00a0\u00bb type=\u00a0\u00bbfull_width\u00a0\u00bb use_row_as_full_screen_section_slide=\u00a0\u00bbno\u00a0\u00bb text_align=\u00a0\u00bbleft\u00a0\u00bb css_animation=\u00a0\u00bb\u00a0\u00bb][vc_column_inner][vc_gallery type=\u00a0\u00bbimage_grid\u00a0\u00bb images=\u00a0\u00bb21905,21906,21904&Prime; img_size=\u00a0\u00bb800&#215;800&Prime; column_number=\u00a0\u00bb4&Prime; grayscale=\u00a0\u00bbno\u00a0\u00bb space_between_images=\u00a0\u00bbno\u00a0\u00bb][\/vc_column_inner][\/vc_row_inner][\/vc_column][\/vc_row][vc_row row_type=\u00a0\u00bbrow\u00a0\u00bb use_row_as_full_screen_section=\u00a0\u00bbno\u00a0\u00bb type=\u00a0\u00bbgrid\u00a0\u00bb text_align=\u00a0\u00bbleft\u00a0\u00bb background_color=\u00a0\u00bb#f2f2f2&Prime; background_animation=\u00a0\u00bbnone\u00a0\u00bb padding_top=\u00a0\u00bb40&Prime; padding_bottom=\u00a0\u00bb60&Prime; css_animation=\u00a0\u00bb\u00a0\u00bb][vc_column][vc_column_text css=\u00a0\u00bb.vc_custom_1513974951745{padding-top: 20px !important;padding-bottom: 40px !important;}\u00a0\u00bb]<\/p>\n<h5><span style=\"border-bottom: 1px solid #444; padding: 10px;\">Interior &amp; Design<\/span><\/h5>\n<p>[\/vc_column_text][vc_separator type=\u00a0\u00bbtransparent\u00a0\u00bb border_style=\u00a0\u00bb\u00a0\u00bb up=\u00a0\u00bb20&Prime;][vc_row_inner row_type=\u00a0\u00bbrow\u00a0\u00bb type=\u00a0\u00bbfull_width\u00a0\u00bb use_row_as_full_screen_section_slide=\u00a0\u00bbno\u00a0\u00bb text_align=\u00a0\u00bbleft\u00a0\u00bb css_animation=\u00a0\u00bb\u00a0\u00bb][vc_column_inner]<div class='qode_image_gallery_no_space light'><div class='qode_image_gallery_holder' style='height: 500px;'><ul><li><div style=\"height: 500px; width:715px;\"><a class=\"prettyphoto\" data-rel=\"prettyPhoto[rel-1452130584]\" href=\"https:\/\/isabelleribot.com\/wp-content\/uploads\/2015\/03\/isabelle-ribot-deco-2.jpg\"><img decoding=\"async\" src=\"https:\/\/isabelleribot.com\/wp-content\/uploads\/2015\/03\/isabelle-ribot-deco-2.jpg\" alt=\"Isabelle Ribot - Decoration - 2\" \/><\/a><\/div><\/li><li><div style=\"height: 500px; width:715px;\"><a class=\"prettyphoto\" data-rel=\"prettyPhoto[rel-1452130584]\" href=\"https:\/\/isabelleribot.com\/wp-content\/uploads\/2015\/03\/isabelle-ribot-deco-3.jpg\"><img decoding=\"async\" src=\"https:\/\/isabelleribot.com\/wp-content\/uploads\/2015\/03\/isabelle-ribot-deco-3.jpg\" alt=\"Isabelle Ribot - Decoration - 3\" \/><\/a><\/div><\/li><li><div style=\"height: 500px; width:715px;\"><a class=\"prettyphoto\" data-rel=\"prettyPhoto[rel-1452130584]\" href=\"https:\/\/isabelleribot.com\/wp-content\/uploads\/2015\/03\/isabelle-ribot-deco-4.jpg\"><img decoding=\"async\" src=\"https:\/\/isabelleribot.com\/wp-content\/uploads\/2015\/03\/isabelle-ribot-deco-4.jpg\" alt=\"Isabelle Ribot - Decoration - 4\" \/><\/a><\/div><\/li><li><div style=\"height: 500px; width:715px;\"><a class=\"prettyphoto\" data-rel=\"prettyPhoto[rel-1452130584]\" href=\"https:\/\/isabelleribot.com\/wp-content\/uploads\/2015\/03\/isabelle-ribot-deco-1.jpg\"><img decoding=\"async\" src=\"https:\/\/isabelleribot.com\/wp-content\/uploads\/2015\/03\/isabelle-ribot-deco-1.jpg\" alt=\"Isabelle Ribot - Decoration - 1\" \/><\/a><\/div><\/li><li><div style=\"height: 500px; width:715px;\"><a class=\"prettyphoto\" data-rel=\"prettyPhoto[rel-1452130584]\" href=\"https:\/\/isabelleribot.com\/wp-content\/uploads\/2015\/03\/isabelle-ribot-deco-5.jpg\"><img decoding=\"async\" src=\"https:\/\/isabelleribot.com\/wp-content\/uploads\/2015\/03\/isabelle-ribot-deco-5.jpg\" alt=\"Isabelle Ribot - Decoration\" \/><\/a><\/div><\/li><\/ul><\/div><div class=\"controls\"><a class=\"prev-slide\" href=\"#\"><span class=\"arrow_carrot-left\"><\/span><\/a><a class=\"next-slide\" href=\"#\"><span class=\"arrow_carrot-right\"><\/span><\/a><\/div><\/div>[\/vc_column_inner][\/vc_row_inner][\/vc_column][\/vc_row][vc_row row_type=\u00a0\u00bbrow\u00a0\u00bb use_row_as_full_screen_section=\u00a0\u00bbno\u00a0\u00bb type=\u00a0\u00bbgrid\u00a0\u00bb text_align=\u00a0\u00bbleft\u00a0\u00bb background_color=\u00a0\u00bb#ffffff\u00a0\u00bb background_animation=\u00a0\u00bbnone\u00a0\u00bb padding_top=\u00a0\u00bb40&Prime; padding_bottom=\u00a0\u00bb60&Prime; css_animation=\u00a0\u00bb\u00a0\u00bb][vc_column][vc_column_text css=\u00a0\u00bb.vc_custom_1513974960472{padding-top: 20px !important;padding-bottom: 40px !important;}\u00a0\u00bb]<\/p>\n<h5><span style=\"border-bottom: 1px solid #444; padding: 10px;\">Chocolat des arts<\/span><\/h5>\n<p>[\/vc_column_text][vc_separator type=\u00a0\u00bbtransparent\u00a0\u00bb border_style=\u00a0\u00bb\u00a0\u00bb up=\u00a0\u00bb20&Prime;][vc_row_inner row_type=\u00a0\u00bbrow\u00a0\u00bb type=\u00a0\u00bbfull_width\u00a0\u00bb use_row_as_full_screen_section_slide=\u00a0\u00bbno\u00a0\u00bb text_align=\u00a0\u00bbleft\u00a0\u00bb css_animation=\u00a0\u00bb\u00a0\u00bb][vc_column_inner]<div class='qode_image_gallery_no_space light'><div class='qode_image_gallery_holder' style='height: 500px;'><ul><li><div style=\"height: 500px; width:715px;\"><a class=\"prettyphoto\" data-rel=\"prettyPhoto[rel-658176218]\" href=\"https:\/\/isabelleribot.com\/wp-content\/uploads\/2015\/03\/Isabelle-Ribot-chocolat-3.jpg\"><img decoding=\"async\" src=\"https:\/\/isabelleribot.com\/wp-content\/uploads\/2015\/03\/Isabelle-Ribot-chocolat-3.jpg\" alt=\"Isabelle Ribot - Chocolat - 3\" \/><\/a><\/div><\/li><li><div style=\"height: 500px; width:715px;\"><a class=\"prettyphoto\" data-rel=\"prettyPhoto[rel-658176218]\" href=\"https:\/\/isabelleribot.com\/wp-content\/uploads\/2015\/03\/Isabelle-Ribot-chocolat-4.jpg\"><img decoding=\"async\" src=\"https:\/\/isabelleribot.com\/wp-content\/uploads\/2015\/03\/Isabelle-Ribot-chocolat-4.jpg\" alt=\"Isabelle Ribot - Chocolat - 4\" \/><\/a><\/div><\/li><li><div style=\"height: 500px; width:715px;\"><a class=\"prettyphoto\" data-rel=\"prettyPhoto[rel-658176218]\" href=\"https:\/\/isabelleribot.com\/wp-content\/uploads\/2015\/03\/Isabelle-Ribot-chocolat-5.jpg\"><img decoding=\"async\" src=\"https:\/\/isabelleribot.com\/wp-content\/uploads\/2015\/03\/Isabelle-Ribot-chocolat-5.jpg\" alt=\"Isabelle Ribot - Chocolat - 5\" \/><\/a><\/div><\/li><li><div style=\"height: 500px; width:715px;\"><a class=\"prettyphoto\" data-rel=\"prettyPhoto[rel-658176218]\" href=\"https:\/\/isabelleribot.com\/wp-content\/uploads\/2015\/03\/Isabelle-Ribot-chocolat-1.jpg\"><img decoding=\"async\" src=\"https:\/\/isabelleribot.com\/wp-content\/uploads\/2015\/03\/Isabelle-Ribot-chocolat-1.jpg\" alt=\"Isabelle Ribot - Chocolat - 1\" \/><\/a><\/div><\/li><li><div style=\"height: 500px; width:715px;\"><a class=\"prettyphoto\" data-rel=\"prettyPhoto[rel-658176218]\" href=\"https:\/\/isabelleribot.com\/wp-content\/uploads\/2015\/03\/Isabelle-Ribot-chocolat-7.jpg\"><img decoding=\"async\" src=\"https:\/\/isabelleribot.com\/wp-content\/uploads\/2015\/03\/Isabelle-Ribot-chocolat-7.jpg\" alt=\"Isabelle Ribot - Chocolat - 7\" \/><\/a><\/div><\/li><li><div style=\"height: 500px; width:715px;\"><a class=\"prettyphoto\" data-rel=\"prettyPhoto[rel-658176218]\" href=\"https:\/\/isabelleribot.com\/wp-content\/uploads\/2015\/03\/Isabelle-Ribot-chocolat-2.jpg\"><img decoding=\"async\" src=\"https:\/\/isabelleribot.com\/wp-content\/uploads\/2015\/03\/Isabelle-Ribot-chocolat-2.jpg\" alt=\"Isabelle Ribot - Chocolat - 2\" \/><\/a><\/div><\/li><\/ul><\/div><div class=\"controls\"><a class=\"prev-slide\" href=\"#\"><span class=\"arrow_carrot-left\"><\/span><\/a><a class=\"next-slide\" href=\"#\"><span class=\"arrow_carrot-right\"><\/span><\/a><\/div><\/div>[\/vc_column_inner][\/vc_row_inner][vc_separator type=\u00a0\u00bbtransparent\u00a0\u00bb border_style=\u00a0\u00bb\u00a0\u00bb up=\u00a0\u00bb30&Prime;][\/vc_column][\/vc_row][vc_row row_type=\u00a0\u00bbrow\u00a0\u00bb use_row_as_full_screen_section=\u00a0\u00bbno\u00a0\u00bb type=\u00a0\u00bbgrid\u00a0\u00bb text_align=\u00a0\u00bbleft\u00a0\u00bb background_color=\u00a0\u00bb#f2f2f2&Prime; background_animation=\u00a0\u00bbnone\u00a0\u00bb padding_top=\u00a0\u00bb40&Prime; padding_bottom=\u00a0\u00bb60&Prime; css_animation=\u00a0\u00bb\u00a0\u00bb][vc_column][vc_column_text css=\u00a0\u00bb.vc_custom_1513974968621{padding-top: 20px !important;padding-bottom: 40px !important;}\u00a0\u00bb]<\/p>\n<h5><span style=\"border-bottom: 1px solid #444; padding: 10px;\">Peintures Murales<\/span><\/h5>\n<p>[\/vc_column_text][vc_separator type=\u00a0\u00bbtransparent\u00a0\u00bb border_style=\u00a0\u00bb\u00a0\u00bb up=\u00a0\u00bb20&Prime;][vc_row_inner row_type=\u00a0\u00bbrow\u00a0\u00bb type=\u00a0\u00bbfull_width\u00a0\u00bb use_row_as_full_screen_section_slide=\u00a0\u00bbno\u00a0\u00bb text_align=\u00a0\u00bbleft\u00a0\u00bb css_animation=\u00a0\u00bb\u00a0\u00bb][vc_column_inner]<div class='qode_image_gallery_no_space light'><div class='qode_image_gallery_holder' style='height: 500px;'><ul><li><div style=\"height: 500px; width:880px;\"><a class=\"prettyphoto\" data-rel=\"prettyPhoto[rel-1112487258]\" href=\"https:\/\/isabelleribot.com\/wp-content\/uploads\/2015\/03\/mural-avenida-sao-luis-131.jpg\"><img decoding=\"async\" src=\"https:\/\/isabelleribot.com\/wp-content\/uploads\/2015\/03\/mural-avenida-sao-luis-131.jpg\" alt=\"\" \/><\/a><\/div><\/li><li><div style=\"height: 500px; width:800px;\"><a class=\"prettyphoto\" data-rel=\"prettyPhoto[rel-1112487258]\" href=\"https:\/\/isabelleribot.com\/wp-content\/uploads\/2015\/03\/escolinha-Vila-PrudenteSAO-PAULO-1.jpg\"><img decoding=\"async\" src=\"https:\/\/isabelleribot.com\/wp-content\/uploads\/2015\/03\/escolinha-Vila-PrudenteSAO-PAULO-1.jpg\" alt=\"\" \/><\/a><\/div><\/li><li><div style=\"height: 500px; width:500px;\"><a class=\"prettyphoto\" data-rel=\"prettyPhoto[rel-1112487258]\" href=\"https:\/\/isabelleribot.com\/wp-content\/uploads\/2015\/03\/Isabelle-Ribot-Art-Outside-3.jpg\"><img decoding=\"async\" src=\"https:\/\/isabelleribot.com\/wp-content\/uploads\/2015\/03\/Isabelle-Ribot-Art-Outside-3.jpg\" alt=\"Isabelle Ribot- Art Outside - 3\" \/><\/a><\/div><\/li><li><div style=\"height: 500px; width:843px;\"><a class=\"prettyphoto\" data-rel=\"prettyPhoto[rel-1112487258]\" href=\"https:\/\/isabelleribot.com\/wp-content\/uploads\/2015\/03\/LEUSDEN-bis.jpg\"><img decoding=\"async\" src=\"https:\/\/isabelleribot.com\/wp-content\/uploads\/2015\/03\/LEUSDEN-bis.jpg\" alt=\"\" \/><\/a><\/div><\/li><\/ul><\/div><div class=\"controls\"><a class=\"prev-slide\" href=\"#\"><span class=\"arrow_carrot-left\"><\/span><\/a><a class=\"next-slide\" href=\"#\"><span class=\"arrow_carrot-right\"><\/span><\/a><\/div><\/div>[\/vc_column_inner][\/vc_row_inner][\/vc_column][\/vc_row]<\/p>\n<\/div>","protected":false},"excerpt":{"rendered":"<p>[vc_row row_type=\u00a0\u00bbrow\u00a0\u00bb use_row_as_full_screen_section=\u00a0\u00bbno\u00a0\u00bb type=\u00a0\u00bbgrid\u00a0\u00bb text_align=\u00a0\u00bbleft\u00a0\u00bb background_color=\u00a0\u00bb#f2f2f2&Prime; background_animation=\u00a0\u00bbnone\u00a0\u00bb padding_top=\u00a0\u00bb40&Prime; padding_bottom=\u00a0\u00bb60&Prime; css_animation=\u00a0\u00bb\u00a0\u00bb][vc_column][vc_column_text&#8230;<\/p>\n","protected":false},"author":1,"featured_media":0,"parent":0,"menu_order":0,"comment_status":"closed","ping_status":"closed","template":"full_width.php","meta":{"footnotes":""},"class_list":["post-22158","page","type-page","status-publish","hentry"],"yoast_head":"<!-- This site is optimized with the Yoast SEO plugin v27.2 - https:\/\/yoast.com\/product\/yoast-seo-wordpress\/ -->\n<title>Art &amp; Design | Isabelle Ribot<\/title>\n<meta name=\"description\" content=\"Art &amp; Design : Isabelle Ribot, \u00e0 S\u00e3o Paulo, transforme ses peintures en pi\u00e8ces 3D. Elle cr\u00e9\u00e9 et customise des objets. Invente des d\u00e9cors...\" \/>\n<meta name=\"robots\" content=\"index, follow, max-snippet:-1, max-image-preview:large, max-video-preview:-1\" \/>\n<link rel=\"canonical\" href=\"https:\/\/isabelleribot.com\/fr\/art-design\/\" \/>\n<meta property=\"og:locale\" content=\"fr_FR\" \/>\n<meta property=\"og:type\" content=\"article\" \/>\n<meta property=\"og:title\" content=\"Art &amp; Design | Isabelle Ribot\" \/>\n<meta property=\"og:description\" content=\"Art &amp; Design : Isabelle Ribot, \u00e0 S\u00e3o Paulo, transforme ses peintures en pi\u00e8ces 3D. Elle cr\u00e9\u00e9 et customise des objets. Invente des d\u00e9cors...\" \/>\n<meta property=\"og:url\" content=\"https:\/\/isabelleribot.com\/fr\/art-design\/\" \/>\n<meta property=\"og:site_name\" content=\"Isabelle Ribot\" \/>\n<meta property=\"article:publisher\" content=\"https:\/\/www.facebook.com\/isabelle.ribot1\" \/>\n<meta property=\"article:modified_time\" content=\"2017-12-22T20:36:13+00:00\" \/>\n<meta name=\"twitter:label1\" content=\"Dur\u00e9e de lecture estim\u00e9e\" \/>\n\t<meta name=\"twitter:data1\" content=\"3 minutes\" \/>\n<script type=\"application\/ld+json\" class=\"yoast-schema-graph\">{\"@context\":\"https:\/\/schema.org\",\"@graph\":[{\"@type\":\"WebPage\",\"@id\":\"https:\/\/isabelleribot.com\/fr\/art-design\/\",\"url\":\"https:\/\/isabelleribot.com\/fr\/art-design\/\",\"name\":\"Art & Design | Isabelle Ribot\",\"isPartOf\":{\"@id\":\"https:\/\/isabelleribot.com\/#website\"},\"datePublished\":\"2015-04-17T13:00:50+00:00\",\"dateModified\":\"2017-12-22T20:36:13+00:00\",\"description\":\"Art & Design : Isabelle Ribot, \u00e0 S\u00e3o Paulo, transforme ses peintures en pi\u00e8ces 3D. Elle cr\u00e9\u00e9 et customise des objets. Invente des d\u00e9cors...\",\"breadcrumb\":{\"@id\":\"https:\/\/isabelleribot.com\/fr\/art-design\/#breadcrumb\"},\"inLanguage\":\"fr-FR\",\"potentialAction\":[{\"@type\":\"ReadAction\",\"target\":[\"https:\/\/isabelleribot.com\/fr\/art-design\/\"]}]},{\"@type\":\"BreadcrumbList\",\"@id\":\"https:\/\/isabelleribot.com\/fr\/art-design\/#breadcrumb\",\"itemListElement\":[{\"@type\":\"ListItem\",\"position\":1,\"name\":\"Home\",\"item\":\"https:\/\/isabelleribot.com\/fr\/\"},{\"@type\":\"ListItem\",\"position\":2,\"name\":\"art &#038; design\"}]},{\"@type\":\"WebSite\",\"@id\":\"https:\/\/isabelleribot.com\/#website\",\"url\":\"https:\/\/isabelleribot.com\/\",\"name\":\"Isabelle Ribot\",\"description\":\"Artista Pintor\",\"publisher\":{\"@id\":\"https:\/\/isabelleribot.com\/#organization\"},\"potentialAction\":[{\"@type\":\"SearchAction\",\"target\":{\"@type\":\"EntryPoint\",\"urlTemplate\":\"https:\/\/isabelleribot.com\/?s={search_term_string}\"},\"query-input\":{\"@type\":\"PropertyValueSpecification\",\"valueRequired\":true,\"valueName\":\"search_term_string\"}}],\"inLanguage\":\"fr-FR\"},{\"@type\":\"Organization\",\"@id\":\"https:\/\/isabelleribot.com\/#organization\",\"name\":\"Isabelle Ribot\",\"url\":\"https:\/\/isabelleribot.com\/\",\"logo\":{\"@type\":\"ImageObject\",\"inLanguage\":\"fr-FR\",\"@id\":\"https:\/\/isabelleribot.com\/#\/schema\/logo\/image\/\",\"url\":\"https:\/\/isabelleribot.com\/wp-content\/uploads\/2015\/03\/logo-Isabelle-Ribot-Sao-Paulo.png\",\"contentUrl\":\"https:\/\/isabelleribot.com\/wp-content\/uploads\/2015\/03\/logo-Isabelle-Ribot-Sao-Paulo.png\",\"width\":146,\"height\":107,\"caption\":\"Isabelle Ribot\"},\"image\":{\"@id\":\"https:\/\/isabelleribot.com\/#\/schema\/logo\/image\/\"},\"sameAs\":[\"https:\/\/www.facebook.com\/isabelle.ribot1\",\"https:\/\/www.instagram.com\/isabelle_ribot\/?hl=pt-br\"]}]}<\/script>\n<!-- \/ Yoast SEO plugin. -->","yoast_head_json":{"title":"Art & Design | Isabelle Ribot","description":"Art & Design : Isabelle Ribot, \u00e0 S\u00e3o Paulo, transforme ses peintures en pi\u00e8ces 3D. Elle cr\u00e9\u00e9 et customise des objets. Invente des d\u00e9cors...","robots":{"index":"index","follow":"follow","max-snippet":"max-snippet:-1","max-image-preview":"max-image-preview:large","max-video-preview":"max-video-preview:-1"},"canonical":"https:\/\/isabelleribot.com\/fr\/art-design\/","og_locale":"fr_FR","og_type":"article","og_title":"Art & Design | Isabelle Ribot","og_description":"Art & Design : Isabelle Ribot, \u00e0 S\u00e3o Paulo, transforme ses peintures en pi\u00e8ces 3D. Elle cr\u00e9\u00e9 et customise des objets. Invente des d\u00e9cors...","og_url":"https:\/\/isabelleribot.com\/fr\/art-design\/","og_site_name":"Isabelle Ribot","article_publisher":"https:\/\/www.facebook.com\/isabelle.ribot1","article_modified_time":"2017-12-22T20:36:13+00:00","twitter_misc":{"Dur\u00e9e de lecture estim\u00e9e":"3 minutes"},"schema":{"@context":"https:\/\/schema.org","@graph":[{"@type":"WebPage","@id":"https:\/\/isabelleribot.com\/fr\/art-design\/","url":"https:\/\/isabelleribot.com\/fr\/art-design\/","name":"Art & Design | Isabelle Ribot","isPartOf":{"@id":"https:\/\/isabelleribot.com\/#website"},"datePublished":"2015-04-17T13:00:50+00:00","dateModified":"2017-12-22T20:36:13+00:00","description":"Art & Design : Isabelle Ribot, \u00e0 S\u00e3o Paulo, transforme ses peintures en pi\u00e8ces 3D. Elle cr\u00e9\u00e9 et customise des objets. Invente des d\u00e9cors...","breadcrumb":{"@id":"https:\/\/isabelleribot.com\/fr\/art-design\/#breadcrumb"},"inLanguage":"fr-FR","potentialAction":[{"@type":"ReadAction","target":["https:\/\/isabelleribot.com\/fr\/art-design\/"]}]},{"@type":"BreadcrumbList","@id":"https:\/\/isabelleribot.com\/fr\/art-design\/#breadcrumb","itemListElement":[{"@type":"ListItem","position":1,"name":"Home","item":"https:\/\/isabelleribot.com\/fr\/"},{"@type":"ListItem","position":2,"name":"art &#038; design"}]},{"@type":"WebSite","@id":"https:\/\/isabelleribot.com\/#website","url":"https:\/\/isabelleribot.com\/","name":"Isabelle Ribot","description":"Artista Pintor","publisher":{"@id":"https:\/\/isabelleribot.com\/#organization"},"potentialAction":[{"@type":"SearchAction","target":{"@type":"EntryPoint","urlTemplate":"https:\/\/isabelleribot.com\/?s={search_term_string}"},"query-input":{"@type":"PropertyValueSpecification","valueRequired":true,"valueName":"search_term_string"}}],"inLanguage":"fr-FR"},{"@type":"Organization","@id":"https:\/\/isabelleribot.com\/#organization","name":"Isabelle Ribot","url":"https:\/\/isabelleribot.com\/","logo":{"@type":"ImageObject","inLanguage":"fr-FR","@id":"https:\/\/isabelleribot.com\/#\/schema\/logo\/image\/","url":"https:\/\/isabelleribot.com\/wp-content\/uploads\/2015\/03\/logo-Isabelle-Ribot-Sao-Paulo.png","contentUrl":"https:\/\/isabelleribot.com\/wp-content\/uploads\/2015\/03\/logo-Isabelle-Ribot-Sao-Paulo.png","width":146,"height":107,"caption":"Isabelle Ribot"},"image":{"@id":"https:\/\/isabelleribot.com\/#\/schema\/logo\/image\/"},"sameAs":["https:\/\/www.facebook.com\/isabelle.ribot1","https:\/\/www.instagram.com\/isabelle_ribot\/?hl=pt-br"]}]}},"_links":{"self":[{"href":"https:\/\/isabelleribot.com\/fr\/wp-json\/wp\/v2\/pages\/22158","targetHints":{"allow":["GET"]}}],"collection":[{"href":"https:\/\/isabelleribot.com\/fr\/wp-json\/wp\/v2\/pages"}],"about":[{"href":"https:\/\/isabelleribot.com\/fr\/wp-json\/wp\/v2\/types\/page"}],"author":[{"embeddable":true,"href":"https:\/\/isabelleribot.com\/fr\/wp-json\/wp\/v2\/users\/1"}],"replies":[{"embeddable":true,"href":"https:\/\/isabelleribot.com\/fr\/wp-json\/wp\/v2\/comments?post=22158"}],"version-history":[{"count":18,"href":"https:\/\/isabelleribot.com\/fr\/wp-json\/wp\/v2\/pages\/22158\/revisions"}],"predecessor-version":[{"id":23393,"href":"https:\/\/isabelleribot.com\/fr\/wp-json\/wp\/v2\/pages\/22158\/revisions\/23393"}],"wp:attachment":[{"href":"https:\/\/isabelleribot.com\/fr\/wp-json\/wp\/v2\/media?parent=22158"}],"curies":[{"name":"wp","href":"https:\/\/api.w.org\/{rel}","templated":true}]}}